{"id":406,"date":"2016-09-27T09:51:22","date_gmt":"2016-09-27T09:51:22","guid":{"rendered":"http:\/\/fitness2.mythemecloud.io\/?page_id=406"},"modified":"2026-04-14T14:23:53","modified_gmt":"2026-04-14T12:23:53","slug":"studio","status":"publish","type":"page","link":"https:\/\/annaseguraturu.cat\/ca\/studio\/","title":{"rendered":"Sobre mi"},"content":{"rendered":"<div data-elementor-type=\"wp-post\" data-elementor-id=\"406\" class=\"elementor elementor-406\" data-elementor-post-type=\"page\">\n\t\t\t\t\t\t<section class=\"elementor-section elementor-top-section elementor-element elementor-element-ybrx6zd elementor-section-content-middle elementor-section-full_width elementor-section-stretched elementor-section-height-default elementor-section-height-default\" data-id=\"ybrx6zd\" data-element_type=\"section\" data-e-type=\"section\" data-settings=\"{&quot;background_background&quot;:&quot;classic&quot;,&quot;stretch_section&quot;:&quot;section-stretched&quot;}\">\n\t\t\t\t\t\t\t<div class=\"elementor-background-overlay\"><\/div>\n\t\t\t\t\t\t\t<div class=\"elementor-container elementor-column-gap-default\">\n\t\t\t\t\t<div class=\"elementor-column elementor-col-100 elementor-top-column elementor-element elementor-element-nm7wyr2\" data-id=\"nm7wyr2\" data-element_type=\"column\" data-e-type=\"column\">\n\t\t\t<div class=\"elementor-widget-wrap elementor-element-populated\">\n\t\t\t\t<div class=\"elementor-element elementor-element-3d309ac e-flex e-con-boxed e-con e-parent\" data-id=\"3d309ac\" data-element_type=\"container\" data-e-type=\"container\">\n\t\t\t\t\t<div class=\"e-con-inner\">\n\t\t<div class=\"elementor-element elementor-element-2d4bcf5 e-con-full e-flex e-con e-child\" data-id=\"2d4bcf5\" data-element_type=\"container\" data-e-type=\"container\">\n\t\t\t\t<div class=\"elementor-element elementor-element-0d1b09d elementor-widget elementor-widget-image\" data-id=\"0d1b09d\" data-element_type=\"widget\" data-e-type=\"widget\" data-widget_type=\"image.default\">\n\t\t\t\t<div class=\"elementor-widget-container\">\n\t\t\t\t\t\t\t\t\t\t\t\t\t\t\t<img fetchpriority=\"high\" decoding=\"async\" width=\"1024\" height=\"1536\" src=\"https:\/\/annaseguraturu.cat\/wp-content\/uploads\/2026\/04\/quijo.png\" class=\"attachment-full size-full wp-image-4769\" alt=\"\" srcset=\"https:\/\/annaseguraturu.cat\/wp-content\/uploads\/2026\/04\/quijo.png 1024w, https:\/\/annaseguraturu.cat\/wp-content\/uploads\/2026\/04\/quijo-200x300.png 200w, https:\/\/annaseguraturu.cat\/wp-content\/uploads\/2026\/04\/quijo-683x1024.png 683w, https:\/\/annaseguraturu.cat\/wp-content\/uploads\/2026\/04\/quijo-768x1152.png 768w\" sizes=\"(max-width: 1024px) 100vw, 1024px\" \/>\t\t\t\t\t\t\t\t\t\t\t\t\t\t\t<\/div>\n\t\t\t\t<\/div>\n\t\t\t\t<\/div>\n\t\t<div class=\"elementor-element elementor-element-0d2a763 e-con-full e-flex e-con e-child\" data-id=\"0d2a763\" data-element_type=\"container\" data-e-type=\"container\">\n\t\t\t\t<div class=\"elementor-element elementor-element-9270562 elementor-widget elementor-widget-text-editor\" data-id=\"9270562\" data-element_type=\"widget\" data-e-type=\"widget\" data-widget_type=\"text-editor.default\">\n\t\t\t\t<div class=\"elementor-widget-container\">\n\t\t\t\t\t\t\t\t\t<div class=\"page\" title=\"P\u00e0gina 5\"><div class=\"section\"><div class=\"layoutArea\"><div class=\"column\"><h2><span style=\"color: #339966;\"><strong>Sobre mi<\/strong><\/span><\/h2><p>La meva vida ha estat un viatge ple de desafiaments i benediccions que m\u2019han portat a descobrir el meu prop\u00f2sit: <strong>acompanyar-te a recordar qui ets en ess\u00e8ncia i recuperar la teva Pau.<\/strong><\/p><p>Des de petita he sentit una connexi\u00f3 profunda amb el m\u00f3n espiritual, una pres\u00e8ncia amorosa que m\u2019ha guiat fins i tot en els moments m\u00e9s foscos.<\/p><h2><span style=\"color: #339966;\"><strong>El meu cam\u00ed<\/strong><\/span><\/h2><p>No ha estat un cam\u00ed f\u00e0cil. He travessat m\u00faltiples malalties greus i una Experi\u00e8ncia Pr\u00f2xima a la Mort (EPM) que van transformar completament la meva manera de veure la vida.<\/p><p>A trav\u00e9s d'aquestes viv\u00e8ncies vaig descobrir una cosa essencial: <strong>l\u2019Amor incondicional que tots som, per\u00f2 que oblidem per les ferides, pors i c\u00e0rregues invisibles que arrosseguem.<\/strong><\/p><p>Aquell despertar interior em va portar a comprendre que la meva missi\u00f3 era acompanyar altres \u00c0nimes a retrobar-se amb la seva pr\u00f2pia Llum.<\/p><\/div><\/div><\/div><\/div>\t\t\t\t\t\t\t\t<\/div>\n\t\t\t\t<\/div>\n\t\t\t\t<div class=\"elementor-element elementor-element-ddc0807 elementor-widget elementor-widget-heading\" data-id=\"ddc0807\" data-element_type=\"widget\" data-e-type=\"widget\" data-widget_type=\"heading.default\">\n\t\t\t\t<div class=\"elementor-widget-container\">\n\t\t\t\t\t<h2 class=\"elementor-heading-title elementor-size-default\">Ara, s\u00f3c aqu\u00ed per a acompanyar-te a trobar la teva pr\u00f2pia Llum i recuperar la teva Pau.<\/h2>\t\t\t\t<\/div>\n\t\t\t\t<\/div>\n\t\t\t\t<div class=\"elementor-element elementor-element-cb88af9 elementor-widget elementor-widget-text-editor\" data-id=\"cb88af9\" data-element_type=\"widget\" data-e-type=\"widget\" data-widget_type=\"text-editor.default\">\n\t\t\t\t<div class=\"elementor-widget-container\">\n\t\t\t\t\t\t\t\t\t<div class=\"page\" title=\"P\u00e0gina 5\"><div class=\"section\"><div class=\"layoutArea\"><div class=\"column\"><div class=\"page\" title=\"P\u00e0gina 5\"><div class=\"section\"><div class=\"layoutArea\"><div class=\"column\"><p>Quan tornes al teu centre, sanes l\u2019origen del teu dolor i recordes que la teva ess\u00e8ncia \u00e9s Amor; \u00e9s quan recuperes la teva Pau, que tant anhela la teva \u00c0nima, i \u00e9s el major aprenentatge de la Humanitat.<\/p><p><span style=\"color: #696363;\"><strong>\u201cL\u2019Amor que neix dins nostre transforma el m\u00f3n que compartim.\u201d<\/strong><\/span><\/p><p>Si sents que \u00e9s el moment de fer un pas cap a tu, t\u2019invito a viure una experi\u00e8ncia vivencial, introspectiva i transformadora.<\/p><p style=\"text-align: left;\"><span style=\"color: #696363;\"><strong>Recuperar la teva pau \u00e9s el regal m\u00e9s gran per a la teva \u00e0nima.<\/strong><\/span><\/p><\/div><\/div><\/div><\/div><\/div><\/div><\/div><\/div>\t\t\t\t\t\t\t\t<\/div>\n\t\t\t\t<\/div>\n\t\t\t\t<div class=\"elementor-element elementor-element-161154a elementor-widget elementor-widget-heading\" data-id=\"161154a\" data-element_type=\"widget\" data-e-type=\"widget\" data-widget_type=\"heading.default\">\n\t\t\t\t<div class=\"elementor-widget-container\">\n\t\t\t\t\t<h2 class=\"elementor-heading-title elementor-size-default\">Qui soc avui<\/h2>\t\t\t\t<\/div>\n\t\t\t\t<\/div>\n\t\t\t\t<div class=\"elementor-element elementor-element-03e5ea0 elementor-widget elementor-widget-text-editor\" data-id=\"03e5ea0\" data-element_type=\"widget\" data-e-type=\"widget\" data-widget_type=\"text-editor.default\">\n\t\t\t\t<div class=\"elementor-widget-container\">\n\t\t\t\t\t\t\t\t\t<div class=\"page\" title=\"P\u00e0gina 5\"><div class=\"section\"><div class=\"layoutArea\"><div class=\"column\"><div class=\"page\" title=\"P\u00e0gina 5\"><div class=\"section\"><div class=\"layoutArea\"><div class=\"column\"><div class=\"page\" title=\"P\u00e0gina 5\"><div class=\"section\"><div class=\"layoutArea\"><div class=\"column\"><p><em>Coach espiritual i creadora<\/em> de <span style=\"color: #696363;\"><strong><em>El Refugi<\/em><\/strong> <\/span>\u2728 Un espai de quietud al Pirineu on t\u2019acompanyo des de la pres\u00e8ncia, l\u2019escolta, la calma i la profunditat.<\/p><p>Et guio a anar a l\u2019origen del teu dolor per transformar-lo en l\u2019Amor que ja resideix en tu. Tot el que necessites \u00e9s a l\u2019abast de la teva m\u00e0.<\/p><p><span style=\"color: #339966;\"><strong>Est\u00e0s preparat\/da per fer el seg\u00fcent pas?<\/strong><\/span><br \/>T\u2019abra\u00e7o amb tota la meva \u00c0nima,<br \/><strong>Anna\ud83d\udc9c<\/strong><\/p><\/div><\/div><\/div><\/div><\/div><\/div><\/div><\/div><\/div><\/div><\/div><\/div>\t\t\t\t\t\t\t\t<\/div>\n\t\t\t\t<\/div>\n\t\t\t\t<div class=\"elementor-element elementor-element-33ad5d3 elementor-align-center elementor-widget elementor-widget-button\" data-id=\"33ad5d3\" data-element_type=\"widget\" data-e-type=\"widget\" data-widget_type=\"button.default\">\n\t\t\t\t<div class=\"elementor-widget-container\">\n\t\t\t\t\t\t\t\t\t<div class=\"elementor-button-wrapper\">\n\t\t\t\t\t<a class=\"elementor-button elementor-button-link elementor-size-sm\" href=\"https:\/\/annaseguraturu.cat\/ca\/reserva\/\">\n\t\t\t\t\t\t<span class=\"elementor-button-content-wrapper\">\n\t\t\t\t\t\t<span class=\"elementor-button-icon\">\n\t\t\t\t<svg aria-hidden=\"true\" class=\"e-font-icon-svg e-far-heart\" viewbox=\"0 0 512 512\" xmlns=\"http:\/\/www.w3.org\/2000\/svg\"><path d=\"M458.4 64.3C400.6 15.7 311.3 23 256 79.3 200.7 23 111.4 15.6 53.6 64.3-21.6 127.6-10.6 230.8 43 285.5l175.4 178.7c10 10.2 23.4 15.9 37.6 15.9 14.3 0 27.6-5.6 37.6-15.8L469 285.6c53.5-54.7 64.7-157.9-10.6-221.3zm-23.6 187.5L259.4 430.5c-2.4 2.4-4.4 2.4-6.8 0L77.2 251.8c-36.5-37.2-43.9-107.6 7.3-150.7 38.9-32.7 98.9-27.8 136.5 10.5l35 35.7 35-35.7c37.8-38.5 97.8-43.2 136.5-10.6 51.1 43.1 43.5 113.9 7.3 150.8z\"><\/path><\/svg>\t\t\t<\/span>\n\t\t\t\t\t\t\t\t\t<span class=\"elementor-button-text\">FA EL PAS CAP A TU<\/span>\n\t\t\t\t\t<\/span>\n\t\t\t\t\t<\/a>\n\t\t\t\t<\/div>\n\t\t\t\t\t\t\t\t<\/div>\n\t\t\t\t<\/div>\n\t\t\t\t<\/div>\n\t\t\t\t\t<\/div>\n\t\t\t\t<\/div>\n\t\t\t\t\t<\/div>\n\t\t<\/div>\n\t\t\t\t\t<\/div>\n\t\t<\/section>\n\t\t\t\t<\/div>","protected":false},"excerpt":{"rendered":"<p>Sobre m\u00ed Mi vida ha sido un viaje lleno de desaf\u00edos y bendiciones que me han llevado a descubrir mi prop\u00f3sito: acompa\u00f1arte a recordar qui\u00e9n eres en esencia y recuperar tu Paz. Desde peque\u00f1a he sentido una conexi\u00f3n profunda con el mundo espiritual, una presencia amorosa que me ha guiado incluso en los momentos m\u00e1s [&hellip;]<\/p>\n","protected":false},"author":1,"featured_media":0,"parent":0,"menu_order":0,"comment_status":"closed","ping_status":"closed","template":"","meta":{"ocean_post_layout":"full-width","ocean_both_sidebars_style":"","ocean_both_sidebars_content_width":0,"ocean_both_sidebars_sidebars_width":0,"ocean_sidebar":"","ocean_second_sidebar":"","ocean_disable_margins":"enable","ocean_add_body_class":"","ocean_shortcode_before_top_bar":"","ocean_shortcode_after_top_bar":"","ocean_shortcode_before_header":"","ocean_shortcode_after_header":"","ocean_has_shortcode":"","ocean_shortcode_after_title":"","ocean_shortcode_before_footer_widgets":"","ocean_shortcode_after_footer_widgets":"","ocean_shortcode_before_footer_bottom":"","ocean_shortcode_after_footer_bottom":"","ocean_display_top_bar":"default","ocean_display_header":"default","ocean_header_style":"","ocean_center_header_left_menu":"","ocean_custom_header_template":"","ocean_custom_logo":0,"ocean_custom_retina_logo":0,"ocean_custom_logo_max_width":0,"ocean_custom_logo_tablet_max_width":0,"ocean_custom_logo_mobile_max_width":0,"ocean_custom_logo_max_height":0,"ocean_custom_logo_tablet_max_height":0,"ocean_custom_logo_mobile_max_height":0,"ocean_header_custom_menu":"","ocean_menu_typo_font_family":"","ocean_menu_typo_font_subset":"","ocean_menu_typo_font_size":0,"ocean_menu_typo_font_size_tablet":0,"ocean_menu_typo_font_size_mobile":0,"ocean_menu_typo_font_size_unit":"px","ocean_menu_typo_font_weight":"","ocean_menu_typo_font_weight_tablet":"","ocean_menu_typo_font_weight_mobile":"","ocean_menu_typo_transform":"","ocean_menu_typo_transform_tablet":"","ocean_menu_typo_transform_mobile":"","ocean_menu_typo_line_height":0,"ocean_menu_typo_line_height_tablet":0,"ocean_menu_typo_line_height_mobile":0,"ocean_menu_typo_line_height_unit":"","ocean_menu_typo_spacing":0,"ocean_menu_typo_spacing_tablet":0,"ocean_menu_typo_spacing_mobile":0,"ocean_menu_typo_spacing_unit":"","ocean_menu_link_color":"","ocean_menu_link_color_hover":"","ocean_menu_link_color_active":"","ocean_menu_link_background":"","ocean_menu_link_hover_background":"","ocean_menu_link_active_background":"","ocean_menu_social_links_bg":"","ocean_menu_social_hover_links_bg":"","ocean_menu_social_links_color":"","ocean_menu_social_hover_links_color":"","ocean_disable_title":"on","ocean_disable_heading":"default","ocean_post_title":"","ocean_post_subheading":"","ocean_post_title_style":"","ocean_post_title_background_color":"","ocean_post_title_background":0,"ocean_post_title_bg_image_position":"","ocean_post_title_bg_image_attachment":"","ocean_post_title_bg_image_repeat":"","ocean_post_title_bg_image_size":"","ocean_post_title_height":0,"ocean_post_title_bg_overlay":0.5,"ocean_post_title_bg_overlay_color":"","ocean_disable_breadcrumbs":"default","ocean_breadcrumbs_color":"","ocean_breadcrumbs_separator_color":"","ocean_breadcrumbs_links_color":"","ocean_breadcrumbs_links_hover_color":"","ocean_display_footer_widgets":"default","ocean_display_footer_bottom":"default","ocean_custom_footer_template":"","osh_disable_topbar_sticky":"default","osh_disable_header_sticky":"default","osh_sticky_header_style":"default","osh_sticky_header_effect":"","osh_custom_sticky_logo":0,"osh_custom_retina_sticky_logo":0,"osh_custom_sticky_logo_height":0,"osh_background_color":"","osh_links_color":"","osh_links_hover_color":"","osh_links_active_color":"","osh_links_bg_color":"","osh_links_hover_bg_color":"","osh_links_active_bg_color":"","osh_menu_social_links_color":"","osh_menu_social_hover_links_color":"","footnotes":""},"class_list":["post-406","page","type-page","status-publish","hentry","entry"],"_links":{"self":[{"href":"https:\/\/annaseguraturu.cat\/ca\/wp-json\/wp\/v2\/pages\/406","targetHints":{"allow":["GET"]}}],"collection":[{"href":"https:\/\/annaseguraturu.cat\/ca\/wp-json\/wp\/v2\/pages"}],"about":[{"href":"https:\/\/annaseguraturu.cat\/ca\/wp-json\/wp\/v2\/types\/page"}],"author":[{"embeddable":true,"href":"https:\/\/annaseguraturu.cat\/ca\/wp-json\/wp\/v2\/users\/1"}],"replies":[{"embeddable":true,"href":"https:\/\/annaseguraturu.cat\/ca\/wp-json\/wp\/v2\/comments?post=406"}],"version-history":[{"count":224,"href":"https:\/\/annaseguraturu.cat\/ca\/wp-json\/wp\/v2\/pages\/406\/revisions"}],"predecessor-version":[{"id":4970,"href":"https:\/\/annaseguraturu.cat\/ca\/wp-json\/wp\/v2\/pages\/406\/revisions\/4970"}],"wp:attachment":[{"href":"https:\/\/annaseguraturu.cat\/ca\/wp-json\/wp\/v2\/media?parent=406"}],"curies":[{"name":"wp","href":"https:\/\/api.w.org\/{rel}","templated":true}]}}