{"id":1958,"date":"2025-02-24T12:22:59","date_gmt":"2025-02-24T11:22:59","guid":{"rendered":"https:\/\/iluminatucaosinterior.com\/?page_id=1958"},"modified":"2026-04-14T14:18:48","modified_gmt":"2026-04-14T12:18:48","slug":"libro-ilumina-tu-caos-interior","status":"publish","type":"page","link":"https:\/\/annaseguraturu.cat\/ca\/libro-ilumina-tu-caos-interior\/","title":{"rendered":"\u00abLibro Ilumina tu caos interior\u00bb"},"content":{"rendered":"<div data-elementor-type=\"wp-post\" data-elementor-id=\"1958\" class=\"elementor elementor-1958\" data-elementor-post-type=\"page\">\n\t\t\t\t<div class=\"elementor-element elementor-element-ef810d4 e-flex e-con-boxed e-con e-parent\" data-id=\"ef810d4\" data-element_type=\"container\" data-e-type=\"container\">\n\t\t\t\t\t<div class=\"e-con-inner\">\n\t\t\t\t<div class=\"elementor-element elementor-element-d63abf0 elementor-widget elementor-widget-heading\" data-id=\"d63abf0\" data-element_type=\"widget\" data-e-type=\"widget\" data-widget_type=\"heading.default\">\n\t\t\t\t<div class=\"elementor-widget-container\">\n\t\t\t\t\t<h1 class=\"elementor-heading-title elementor-size-default\">Transforma el teu caos en claredat amb \"Il\u00b7lumina el teu caos interior\".<\/h1>\t\t\t\t<\/div>\n\t\t\t\t<\/div>\n\t\t\t\t<div class=\"elementor-element elementor-element-fc3800e elementor-widget-divider--view-line elementor-widget elementor-widget-divider\" data-id=\"fc3800e\" data-element_type=\"widget\" data-e-type=\"widget\" data-widget_type=\"divider.default\">\n\t\t\t\t<div class=\"elementor-widget-container\">\n\t\t\t\t\t\t\t<div class=\"elementor-divider\">\n\t\t\t<span class=\"elementor-divider-separator\">\n\t\t\t\t\t\t<\/span>\n\t\t<\/div>\n\t\t\t\t\t\t<\/div>\n\t\t\t\t<\/div>\n\t\t<div class=\"elementor-element elementor-element-b8fd224 e-con-full e-flex e-con e-child\" data-id=\"b8fd224\" data-element_type=\"container\" data-e-type=\"container\" id=\"tarot\" data-settings=\"{&quot;background_background&quot;:&quot;classic&quot;}\">\n\t\t<div class=\"elementor-element elementor-element-e34d592 e-con-full e-flex e-con e-child\" data-id=\"e34d592\" data-element_type=\"container\" data-e-type=\"container\">\n\t\t<div class=\"elementor-element elementor-element-223fac5 e-con-full e-flex e-con e-child\" data-id=\"223fac5\" data-element_type=\"container\" data-e-type=\"container\">\n\t\t\t\t<div class=\"elementor-element elementor-element-2ab9dd3 elementor-widget elementor-widget-heading\" data-id=\"2ab9dd3\" data-element_type=\"widget\" data-e-type=\"widget\" data-widget_type=\"heading.default\">\n\t\t\t\t<div class=\"elementor-widget-container\">\n\t\t\t\t\t<h2 class=\"elementor-heading-title elementor-size-default\">\"Il\u00b7lumina el teu caos interior\" \u00e9s la meva hist\u00f2ria personal de superaci\u00f3, en qu\u00e8 cada repte es converteix en una oportunitat per ren\u00e9ixer com l'ocell f\u00e8nix.<\/h2>\t\t\t\t<\/div>\n\t\t\t\t<\/div>\n\t\t\t\t<div class=\"elementor-element elementor-element-0503c70 elementor-widget-divider--view-line elementor-widget elementor-widget-divider\" data-id=\"0503c70\" data-element_type=\"widget\" data-e-type=\"widget\" data-widget_type=\"divider.default\">\n\t\t\t\t<div class=\"elementor-widget-container\">\n\t\t\t\t\t\t\t<div class=\"elementor-divider\">\n\t\t\t<span class=\"elementor-divider-separator\">\n\t\t\t\t\t\t<\/span>\n\t\t<\/div>\n\t\t\t\t\t\t<\/div>\n\t\t\t\t<\/div>\n\t\t\t\t<div class=\"elementor-element elementor-element-92c9c9f elementor-widget elementor-widget-text-editor\" data-id=\"92c9c9f\" data-element_type=\"widget\" data-e-type=\"widget\" data-widget_type=\"text-editor.default\">\n\t\t\t\t<div class=\"elementor-widget-container\">\n\t\t\t\t\t\t\t\t\t<p>\u00c9s una invitaci\u00f3 a <strong>deixar enrere el dolor, la por i els dubtes<\/strong>A trav\u00e9s de la meva hist\u00f2ria personal, descobrir\u00e0s com els moments m\u00e9s foscos poden convertir-se en el catalitzador d\u2019una profunda transformaci\u00f3.<\/p><p>Aquest llibre \u00e9s el meu testimoni de lluita i superaci\u00f3, per\u00f2 tamb\u00e9 \u00e9s una <strong>font d'inspiraci\u00f3<\/strong> que t'ajudar\u00e0 a comprendre que els teus desafiaments no s\u00f3n un obstacle, sin\u00f3 <strong>una oportunitat per ren\u00e9ixer.<\/strong><\/p><p>El llibre est\u00e0 acompanyat de 44 missatges canalitzats, et brindar\u00e0 claredat enmig del caos i t'impulsar\u00e0 a descobrir com <strong>transformar els teus propis desafiaments en moments de creixement.<\/strong><\/p><p>\u00c9s una obra pensada perqu\u00e8 reflexionis, t\u2019inspiris i trobis les eines necess\u00e0ries per reescriure la teva hist\u00f2ria. Cada paraula escrita en aquest llibre t\u00e9 el poder de canviar la teva perspectiva i motivar-te a ser la millor versi\u00f3 de tu mateix.<\/p><p><strong>Aquest llibre ser\u00e0 un far de llum a casa teva i a la teva vida!<\/strong><\/p><p>Aquest no \u00e9s nom\u00e9s un llibre, \u00e9s un manual per canviar la teva realitat i assolir la pau i el prop\u00f2sit que et mereixes.<em><strong> No pots deixar-lo fora de la teva vida!<\/strong><\/em><\/p>\t\t\t\t\t\t\t\t<\/div>\n\t\t\t\t<\/div>\n\t\t\t\t<\/div>\n\t\t<div class=\"elementor-element elementor-element-9352b91 e-con-full e-flex e-con e-child\" data-id=\"9352b91\" data-element_type=\"container\" data-e-type=\"container\">\n\t\t\t\t<div class=\"elementor-element elementor-element-8a9bbd3 elementor-widget elementor-widget-image\" data-id=\"8a9bbd3\" data-element_type=\"widget\" data-e-type=\"widget\" data-widget_type=\"image.default\">\n\t\t\t\t<div class=\"elementor-widget-container\">\n\t\t\t\t\t\t\t\t\t\t\t\t\t\t\t<img fetchpriority=\"high\" decoding=\"async\" width=\"1024\" height=\"1024\" src=\"https:\/\/annaseguraturu.cat\/wp-content\/uploads\/2025\/02\/Fotolandpage-1024x1024.png\" class=\"attachment-large size-large wp-image-1960\" alt=\"\" srcset=\"https:\/\/annaseguraturu.cat\/wp-content\/uploads\/2025\/02\/Fotolandpage-1024x1024.png 1024w, https:\/\/annaseguraturu.cat\/wp-content\/uploads\/2025\/02\/Fotolandpage-300x300.png 300w, https:\/\/annaseguraturu.cat\/wp-content\/uploads\/2025\/02\/Fotolandpage-150x150.png 150w, https:\/\/annaseguraturu.cat\/wp-content\/uploads\/2025\/02\/Fotolandpage-768x768.png 768w, https:\/\/annaseguraturu.cat\/wp-content\/uploads\/2025\/02\/Fotolandpage-600x600.png 600w, https:\/\/annaseguraturu.cat\/wp-content\/uploads\/2025\/02\/Fotolandpage.png 1080w\" sizes=\"(max-width: 1024px) 100vw, 1024px\" \/>\t\t\t\t\t\t\t\t\t\t\t\t\t\t\t<\/div>\n\t\t\t\t<\/div>\n\t\t\t\t<\/div>\n\t\t\t\t<\/div>\n\t\t\t\t<\/div>\n\t\t\t\t\t<\/div>\n\t\t\t\t<\/div>\n\t\t<div class=\"elementor-element elementor-element-15f50e6 e-flex e-con-boxed e-con e-parent\" data-id=\"15f50e6\" data-element_type=\"container\" data-e-type=\"container\">\n\t\t\t\t\t<div class=\"e-con-inner\">\n\t\t<div class=\"elementor-element elementor-element-b802040 e-con-full e-flex e-con e-child\" data-id=\"b802040\" data-element_type=\"container\" data-e-type=\"container\" data-settings=\"{&quot;background_background&quot;:&quot;classic&quot;}\">\n\t\t\t\t<div class=\"elementor-element elementor-element-215aa9d elementor-widget elementor-widget-heading\" data-id=\"215aa9d\" data-element_type=\"widget\" data-e-type=\"widget\" data-widget_type=\"heading.default\">\n\t\t\t\t<div class=\"elementor-widget-container\">\n\t\t\t\t\t<h3 class=\"elementor-heading-title elementor-size-default\">\u2728 Als punts de venda:<\/h3>\t\t\t\t<\/div>\n\t\t\t\t<\/div>\n\t\t\t\t<div class=\"elementor-element elementor-element-4d408b4 link elementor-widget elementor-widget-text-editor\" data-id=\"4d408b4\" data-element_type=\"widget\" data-e-type=\"widget\" data-widget_type=\"text-editor.default\">\n\t\t\t\t<div class=\"elementor-widget-container\">\n\t\t\t\t\t\t\t\t\t<p>\ud83d\udccdLlibreria Anglada <strong>@angladallibreriacamprodon<\/strong><br \/><a href=\"https:\/\/angladallibreria.com\/contacte-llibreria\/\" target=\"_blank\" rel=\"noopener\">Demana aqu\u00ed el teu llibre (Camprodon)<\/a><\/p><p>\ud83d\udccdL\u2019Estanc<span class=\"gmail-Apple-converted-space\">\u00a0<\/span><br \/><a href=\"https:\/\/www.google.com\/maps\/place\/\/data=!4m2!3m1!1s0x12a4b68e03004b7d:0xe3b642dce9964610?sa=X&amp;ved=1t:8290&amp;ictx=111\">Demana aqu\u00ed el teu llibre (Cabrils)<\/a><\/p><p>\ud83d\udccd<span class=\"gmail-Apple-converted-space\"> Papereria Issa <strong>@papereriaissa<\/strong><br \/><strong><a href=\"https:\/\/www.google.es\/search?q=Papereria+Issa%2C+Riera+de+Targa%2C+Vilassar+de+Dalt&amp;client=safari&amp;sca_esv=02b049c9cd61c808&amp;channel=mac_bm&amp;sxsrf=AHTn8zr-gUn29E6L3kgoAGYGbnRV5IRmyg%3A1743709504158&amp;source=hp&amp;ei=QOXuZ8ezB4D-7_UPt5LTgQM&amp;iflsig=ACkRmUkAAAAAZ-7zUITMrmfuj4XJs90rzxLCiUHBhdGr&amp;oq=papereria+isa+vilassa&amp;gs_lp=Egdnd3Mtd2l6IhVwYXBlcmVyaWEgaXNhIHZpbGFzc2EqAggBMhAQLhiABBjHARgNGI4FGK8BMgIQJjIIEAAYgAQYogQyCBAAGIAEGKIEMggQABiABBiiBDIIEAAYgAQYogRI1ilQAFjmH3AAeACQAQCYAcIBoAGAFaoBBDAuMjG4AQHIAQD4AQGYAhWgAoUWwgIKECMYgAQYJxiKBcICBBAjGCfCAgsQABiABBixAxiDAcICCBAAGIAEGLEDwgIFEAAYgATCAg4QLhiABBixAxjRAxjHAcICExAuGIAEGEMYxwEYigUYjgUYrwHCAhAQABiABBixAxhDGIMBGIoFwgIKEC4YgAQYQxiKBcICChAAGIAEGEMYigXCAgUQLhiABMICCBAuGIAEGLEDwgIOEC4YgAQYsQMYgwEY1ALCAggQABiABBjLAcICCxAuGIAEGNQCGMsBwgIOEC4YgAQY0QMYxwEYywHCAggQLhiABBjLAcICDhAuGIAEGMcBGMsBGK8BwgIREC4YgAQYxwEYywEYjgUYrwHCAg4QLhiABBjHARiOBRivAcICEBAuGIAEGBMYxwEYjgUYrwHCAggQABgTGBYYHsICExAuGIAEGMcBGAoYywEYjgUYrwHCAgYQABgNGB7CAgUQABjvBZgDAJIHBjAuMjAuMaAHpJMCsgcGMC4yMC4xuAeFFg&amp;sclient=gws-wiz#\">Demana aqu\u00ed el teu llibre (Vilassar de Dalt)\u00a0<\/a><\/strong><\/span><\/p><p>\ud83d\udccdLlibreria \u00cdndex <strong>@llibreriaindex<\/strong><br \/><strong>\u00a0<a href=\"http:\/\/llibreria-index.cat\">Demana aqu\u00ed el teu llibre (Vilassar de Mar)<\/a><\/strong><\/p><p>\ud83d\udccdLlum Violeta <strong>@luzvioleta<\/strong><br \/><strong><a href=\"https:\/\/www.luzvioleta.es\/contacto\/\">Demana aqu\u00ed el teu llibre (Matar\u00f3)<\/a><\/strong><\/p><p>\ud83d\udccdHerboristeria Russafa <strong>@herboristeriarussafa<\/strong><br \/><strong><a href=\"https:\/\/www.google.es\/url?sa=t&amp;source=web&amp;rct=j&amp;opi=89978449&amp;url=\/maps\/place\/\/data%3D!4m2!3m1!1s0xd6048ca982524a9:0x68b81327b6f588d9%3Fsa%3DX%26ved%3D1t:8290%26ictx%3D111&amp;ved=2ahUKEwjMi4qcifaLAxU4avEDHfVNAUEQ4kB6BAg2EAM&amp;usg=AOvVaw1XoBBw0eo63o7xDYyVV1O_\">Demana aqu\u00ed el teu llibre (Val\u00e8ncia)\u00a0<\/a><\/strong><\/p><p style=\"text-align: center;\"><em>\u2728Si vols ser punt de venda escriu-me per correu o per WhatsApp. <br \/>Infinites gr\u00e0cies\u2728<\/em><\/p>\t\t\t\t\t\t\t\t<\/div>\n\t\t\t\t<\/div>\n\t\t\t\t<\/div>\n\t\t<div class=\"elementor-element elementor-element-1d0f67c e-con-full e-flex e-con e-child\" data-id=\"1d0f67c\" data-element_type=\"container\" data-e-type=\"container\" data-settings=\"{&quot;background_background&quot;:&quot;classic&quot;}\">\n\t\t\t\t<div class=\"elementor-element elementor-element-2ea41cf elementor-widget elementor-widget-heading\" data-id=\"2ea41cf\" data-element_type=\"widget\" data-e-type=\"widget\" data-widget_type=\"heading.default\">\n\t\t\t\t<div class=\"elementor-widget-container\">\n\t\t\t\t\t<h3 class=\"elementor-heading-title elementor-size-default\">\u2728 I, tamb\u00e9 a les seg\u00fcents plataformes digitals:<\/h3>\t\t\t\t<\/div>\n\t\t\t\t<\/div>\n\t\t\t\t<div class=\"elementor-element elementor-element-2930a52 elementor-widget elementor-widget-text-editor\" data-id=\"2930a52\" data-element_type=\"widget\" data-e-type=\"widget\" data-widget_type=\"text-editor.default\">\n\t\t\t\t<div class=\"elementor-widget-container\">\n\t\t\t\t\t\t\t\t\t<p>Amazon Kindle | Llibre electr\u00f2nic<span class=\"gmail-Apple-converted-space\">\u00a0 | <\/span>Kobo | Libranda<span class=\"gmail-Apple-converted-space\"> | <\/span>Apple Books | Google Books<\/p><p><em>\u2728Si compres el meu exemplar en paper f\u00edsic m'ajudes molt\u00edssim i ajudes les <\/em><i>llibreries. <br \/>Pren consci\u00e8ncia de la feina i la dedicaci\u00f3 que comporta tenir un negoci propi. Gr\u00e0cies infinites per la teva empatia. Que D\u00e9u et beneeixi\u2728\u00a0<\/i><\/p>\t\t\t\t\t\t\t\t<\/div>\n\t\t\t\t<\/div>\n\t\t\t\t<\/div>\n\t\t\t\t\t<\/div>\n\t\t\t\t<\/div>\n\t\t\t\t<\/div>","protected":false},"excerpt":{"rendered":"<p>Transforma tu caos en claridad con \u00abIlumina tu caos interior\u00bb. \u00abIlumina tu caos interior\u00bb\u00a0es mi historia personal de superaci\u00f3n, en la que cada desaf\u00edo se convierte en una oportunidad para renacer como el ave f\u00e9nix. Es una invitaci\u00f3n a dejar atr\u00e1s el dolor, el miedo y las dudas. A trav\u00e9s de mi historia personal, descubrir\u00e1s [&hellip;]<\/p>\n","protected":false},"author":1,"featured_media":0,"parent":0,"menu_order":0,"comment_status":"closed","ping_status":"closed","template":"","meta":{"ocean_post_layout":"full-screen","ocean_both_sidebars_style":"","ocean_both_sidebars_content_width":0,"ocean_both_sidebars_sidebars_width":0,"ocean_sidebar":"","ocean_second_sidebar":"","ocean_disable_margins":"on","ocean_add_body_class":"","ocean_shortcode_before_top_bar":"","ocean_shortcode_after_top_bar":"","ocean_shortcode_before_header":"","ocean_shortcode_after_header":"","ocean_has_shortcode":"","ocean_shortcode_after_title":"","ocean_shortcode_before_footer_widgets":"","ocean_shortcode_after_footer_widgets":"","ocean_shortcode_before_footer_bottom":"","ocean_shortcode_after_footer_bottom":"","ocean_display_top_bar":"default","ocean_display_header":"default","ocean_header_style":"","ocean_center_header_left_menu":"","ocean_custom_header_template":"","ocean_custom_logo":0,"ocean_custom_retina_logo":0,"ocean_custom_logo_max_width":0,"ocean_custom_logo_tablet_max_width":0,"ocean_custom_logo_mobile_max_width":0,"ocean_custom_logo_max_height":0,"ocean_custom_logo_tablet_max_height":0,"ocean_custom_logo_mobile_max_height":0,"ocean_header_custom_menu":"","ocean_menu_typo_font_family":"","ocean_menu_typo_font_subset":"","ocean_menu_typo_font_size":0,"ocean_menu_typo_font_size_tablet":0,"ocean_menu_typo_font_size_mobile":0,"ocean_menu_typo_font_size_unit":"px","ocean_menu_typo_font_weight":"","ocean_menu_typo_font_weight_tablet":"","ocean_menu_typo_font_weight_mobile":"","ocean_menu_typo_transform":"","ocean_menu_typo_transform_tablet":"","ocean_menu_typo_transform_mobile":"","ocean_menu_typo_line_height":0,"ocean_menu_typo_line_height_tablet":0,"ocean_menu_typo_line_height_mobile":0,"ocean_menu_typo_line_height_unit":"","ocean_menu_typo_spacing":0,"ocean_menu_typo_spacing_tablet":0,"ocean_menu_typo_spacing_mobile":0,"ocean_menu_typo_spacing_unit":"","ocean_menu_link_color":"","ocean_menu_link_color_hover":"","ocean_menu_link_color_active":"","ocean_menu_link_background":"","ocean_menu_link_hover_background":"","ocean_menu_link_active_background":"","ocean_menu_social_links_bg":"","ocean_menu_social_hover_links_bg":"","ocean_menu_social_links_color":"","ocean_menu_social_hover_links_color":"","ocean_disable_title":"on","ocean_disable_heading":"default","ocean_post_title":"","ocean_post_subheading":"","ocean_post_title_style":"","ocean_post_title_background_color":"","ocean_post_title_background":0,"ocean_post_title_bg_image_position":"","ocean_post_title_bg_image_attachment":"","ocean_post_title_bg_image_repeat":"","ocean_post_title_bg_image_size":"","ocean_post_title_height":0,"ocean_post_title_bg_overlay":0.5,"ocean_post_title_bg_overlay_color":"","ocean_disable_breadcrumbs":"default","ocean_breadcrumbs_color":"","ocean_breadcrumbs_separator_color":"","ocean_breadcrumbs_links_color":"","ocean_breadcrumbs_links_hover_color":"","ocean_display_footer_widgets":"default","ocean_display_footer_bottom":"default","ocean_custom_footer_template":"","osh_disable_topbar_sticky":"default","osh_disable_header_sticky":"default","osh_sticky_header_style":"default","osh_sticky_header_effect":"","osh_custom_sticky_logo":0,"osh_custom_retina_sticky_logo":0,"osh_custom_sticky_logo_height":0,"osh_background_color":"","osh_links_color":"","osh_links_hover_color":"","osh_links_active_color":"","osh_links_bg_color":"","osh_links_hover_bg_color":"","osh_links_active_bg_color":"","osh_menu_social_links_color":"","osh_menu_social_hover_links_color":"","footnotes":""},"class_list":["post-1958","page","type-page","status-publish","hentry","entry"],"_links":{"self":[{"href":"https:\/\/annaseguraturu.cat\/ca\/wp-json\/wp\/v2\/pages\/1958","targetHints":{"allow":["GET"]}}],"collection":[{"href":"https:\/\/annaseguraturu.cat\/ca\/wp-json\/wp\/v2\/pages"}],"about":[{"href":"https:\/\/annaseguraturu.cat\/ca\/wp-json\/wp\/v2\/types\/page"}],"author":[{"embeddable":true,"href":"https:\/\/annaseguraturu.cat\/ca\/wp-json\/wp\/v2\/users\/1"}],"replies":[{"embeddable":true,"href":"https:\/\/annaseguraturu.cat\/ca\/wp-json\/wp\/v2\/comments?post=1958"}],"version-history":[{"count":95,"href":"https:\/\/annaseguraturu.cat\/ca\/wp-json\/wp\/v2\/pages\/1958\/revisions"}],"predecessor-version":[{"id":4954,"href":"https:\/\/annaseguraturu.cat\/ca\/wp-json\/wp\/v2\/pages\/1958\/revisions\/4954"}],"wp:attachment":[{"href":"https:\/\/annaseguraturu.cat\/ca\/wp-json\/wp\/v2\/media?parent=1958"}],"curies":[{"name":"wp","href":"https:\/\/api.w.org\/{rel}","templated":true}]}}