{"id":1192,"date":"2026-04-08T09:35:31","date_gmt":"2026-04-08T07:35:31","guid":{"rendered":"https:\/\/tender-knuth.85-10-135-254.plesk.page\/?page_id=1192"},"modified":"2026-04-14T14:26:29","modified_gmt":"2026-04-14T12:26:29","slug":"mision","status":"publish","type":"page","link":"https:\/\/annaseguraturu.cat\/ca\/mision\/","title":{"rendered":"La meva missi\u00f3"},"content":{"rendered":"<div data-elementor-type=\"wp-post\" data-elementor-id=\"1192\" class=\"elementor elementor-1192\" data-elementor-post-type=\"page\">\n\t\t\t\t<div class=\"elementor-element elementor-element-ef810d4 e-flex e-con-boxed e-con e-parent\" data-id=\"ef810d4\" data-element_type=\"container\" data-e-type=\"container\">\n\t\t\t\t\t<div class=\"e-con-inner\">\n\t\t\t\t<div class=\"elementor-element elementor-element-d63abf0 elementor-widget elementor-widget-heading\" data-id=\"d63abf0\" data-element_type=\"widget\" data-e-type=\"widget\" data-widget_type=\"heading.default\">\n\t\t\t\t<div class=\"elementor-widget-container\">\n\t\t\t\t\t<h1 class=\"elementor-heading-title elementor-size-default\">Recordar que l\u2019 amor neix en tu<\/h1>\t\t\t\t<\/div>\n\t\t\t\t<\/div>\n\t\t\t\t<div class=\"elementor-element elementor-element-fc3800e elementor-widget-divider--view-line elementor-widget elementor-widget-divider\" data-id=\"fc3800e\" data-element_type=\"widget\" data-e-type=\"widget\" data-widget_type=\"divider.default\">\n\t\t\t\t<div class=\"elementor-widget-container\">\n\t\t\t\t\t\t\t<div class=\"elementor-divider\">\n\t\t\t<span class=\"elementor-divider-separator\">\n\t\t\t\t\t\t<\/span>\n\t\t<\/div>\n\t\t\t\t\t\t<\/div>\n\t\t\t\t<\/div>\n\t\t<div class=\"elementor-element elementor-element-354812d e-con-full e-flex e-con e-child\" data-id=\"354812d\" data-element_type=\"container\" data-e-type=\"container\" id=\"sanacion\" data-settings=\"{&quot;background_background&quot;:&quot;classic&quot;}\">\n\t\t\t\t<div class=\"elementor-element elementor-element-04ae326 elementor-widget elementor-widget-heading\" data-id=\"04ae326\" data-element_type=\"widget\" data-e-type=\"widget\" data-widget_type=\"heading.default\">\n\t\t\t\t<div class=\"elementor-widget-container\">\n\t\t\t\t\t<h2 class=\"elementor-heading-title elementor-size-default\">L'amor incondicional comen\u00e7a dins teu.<\/h2>\t\t\t\t<\/div>\n\t\t\t\t<\/div>\n\t\t\t\t<div class=\"elementor-element elementor-element-403596a elementor-widget-divider--view-line elementor-widget elementor-widget-divider\" data-id=\"403596a\" data-element_type=\"widget\" data-e-type=\"widget\" data-widget_type=\"divider.default\">\n\t\t\t\t<div class=\"elementor-widget-container\">\n\t\t\t\t\t\t\t<div class=\"elementor-divider\">\n\t\t\t<span class=\"elementor-divider-separator\">\n\t\t\t\t\t\t<\/span>\n\t\t<\/div>\n\t\t\t\t\t\t<\/div>\n\t\t\t\t<\/div>\n\t\t\t\t<div class=\"elementor-element elementor-element-eeeb43b elementor-widget elementor-widget-heading\" data-id=\"eeeb43b\" data-element_type=\"widget\" data-e-type=\"widget\" data-widget_type=\"heading.default\">\n\t\t\t\t<div class=\"elementor-widget-container\">\n\t\t\t\t\t<h3 class=\"elementor-heading-title elementor-size-default\">La meva missi\u00f3: acompanyar-te a tornar a l\u2019Amor que ja ets<\/h3>\t\t\t\t<\/div>\n\t\t\t\t<\/div>\n\t\t\t\t<div class=\"elementor-element elementor-element-f1e3fc3 elementor-widget__width-initial elementor-widget elementor-widget-text-editor\" data-id=\"f1e3fc3\" data-element_type=\"widget\" data-e-type=\"widget\" data-widget_type=\"text-editor.default\">\n\t\t\t\t<div class=\"elementor-widget-container\">\n\t\t\t\t\t\t\t\t\t<div class=\"page\" title=\"P\u00e0gina 6\"><div class=\"section\"><div class=\"layoutArea\"><div class=\"column\"><div class=\"page\" title=\"P\u00e0gina 6\"><div class=\"section\"><div class=\"layoutArea\"><div class=\"column\"><div class=\"page\" title=\"P\u00e0gina 7\"><div class=\"section\"><div class=\"layoutArea\"><div class=\"column\"><p>El cam\u00ed cap a l\u2019Amor comen\u00e7a dins teu. Torna a tu: all\u00e0 hi ha tot.<\/p><p><strong><em>T\u2019acompanyo a recordar aquest Amor que ja habita en tu<\/em><\/strong>, perqu\u00e8 puguis viure i estimar des de la llibertat, i no des de la por o la manca.<\/p><h2><span style=\"color: #d4af37;\"><strong>Com va n\u00e9ixer la meva missi\u00f3.<\/strong><\/span><\/h2><p>La meva hist\u00f2ria personal em va portar, enmig de tempestes i desafiaments, a trobar-me amb una persona molt especial que, amb el temps, vaig descobrir que era <strong><em>la meva flama bessona:<\/em><\/strong> una connexi\u00f3 \u00e0lmica tan profunda que va transformar la meva vida des de l\u2019arrel.<\/p><p>Aquella trobada va obrir un proc\u00e9s de despertar que em va conduir, inevitablement, a <strong><em>el meu prop\u00f2sit: acompanyar altres \u00c0nimes en el seu cam\u00ed cap a l'Amor.<\/em><\/strong><\/p><h2><span style=\"color: #d4af37;\"><strong>Qu\u00e8 s\u00f3n les flames bessones (i per qu\u00e8 formen part de la meva missi\u00f3)<\/strong><\/span><\/h2><p>Les <strong><em>flames bessones<\/em><\/strong> representen dues parts d\u2019una mateixa consci\u00e8ncia que, en separar-se, inicien camins diferents <strong><em>p<\/em><em>ara aprendre, cr\u00e9ixer i recordar-se.<\/em><\/strong> Quan es retroben, <em>la connexi\u00f3 \u00e9s tan intensa que accelera processos interns:<\/em> treu a la llum ferides, patrons i veritats que necessiten ser mirades amb amor. No <strong>\u00e9s una relaci\u00f3<\/strong> qu\u00e8 <strong>si<\/strong> <strong>define<\/strong> per la uni\u00f3, sin\u00f3 <strong>per la transformaci\u00f3<\/strong>. \u00c9s un espai on <strong>l'\u00e0nima es reconeix i desperta.<\/strong><\/p><p><em>Aquest proc\u00e9s va ser el meu gran Mestre i l'origen de la meva missi\u00f3.<\/em><\/p><h2><span style=\"color: #d4af37;\"><strong>El que vaig aprendre (i el que avui acompanyo)<\/strong><\/span><\/h2><p>L'experi\u00e8ncia amb <em>la meva flama bessona<\/em> em va ensenyar a:<\/p><ul><li>A redescobrir-me amb uns altres ulls.<\/li><li>A mirar-me des de l\u2019ess\u00e8ncia amorosa que tots som.<\/li><li>A estimar-me sense condicions perqu\u00e8 ja s\u00f3c completa.<\/li><li>A estimar sense aferrament,<\/li><li>A abra\u00e7ar la soledat com a cam\u00ed cap a la plenitud<\/li><li>I entendre que tot el que cercava ja vivia en mi.<\/li><\/ul><p>Avui acompanyo altres persones a rec\u00f3rrer aquest mateix cam\u00ed cap a l\u2019Amor interior.<\/p><h2><span style=\"color: #d4af37;\"><strong>A qui acompanyo<\/strong><\/span><\/h2><p><em>A persones que estan vivint el proc\u00e9s de flames bessones o que se senten perdudes en l\u2019Amor i desitgen aprendre a estimar i ser estimades sense dolor.<\/em><\/p><p>La meva missi\u00f3 \u00e9s ajudar-te a anar a l\u2019origen del patiment, sanar des de dins i recuperar la teva Pau.<\/p><h2><span style=\"color: #d4af37;\"><strong>On t\u2019acompanyo<\/strong><\/span><\/h2><p>T\u2019acompanyo de manera presencial en <strong><em>El Refugi<\/em><\/strong>, un espai de quietud per tornar a tu, recordar qui ets i caminar la teva transformaci\u00f3 amb pres\u00e8ncia.<\/p><\/div><\/div><\/div><\/div><\/div><\/div><\/div><\/div><\/div><\/div><\/div><\/div>\t\t\t\t\t\t\t\t<\/div>\n\t\t\t\t<\/div>\n\t\t\t\t<div class=\"elementor-element elementor-element-6cba80e elementor-widget elementor-widget-heading\" data-id=\"6cba80e\" data-element_type=\"widget\" data-e-type=\"widget\" data-widget_type=\"heading.default\">\n\t\t\t\t<div class=\"elementor-widget-container\">\n\t\t\t\t\t<h3 class=\"elementor-heading-title elementor-size-default\">Molta gent se sent perduda en l\u2019Amor.<\/h3>\t\t\t\t<\/div>\n\t\t\t\t<\/div>\n\t\t\t\t<div class=\"elementor-element elementor-element-36c1222 elementor-widget elementor-widget-heading\" data-id=\"36c1222\" data-element_type=\"widget\" data-e-type=\"widget\" data-widget_type=\"heading.default\">\n\t\t\t\t<div class=\"elementor-widget-container\">\n\t\t\t\t\t<h3 class=\"elementor-heading-title elementor-size-default\">Confia en mi per anar a l\u2019origen del dolor i recuperar la teva Pau.<\/h3>\t\t\t\t<\/div>\n\t\t\t\t<\/div>\n\t\t\t\t<div class=\"elementor-element elementor-element-5e55afb elementor-widget elementor-widget-text-editor\" data-id=\"5e55afb\" data-element_type=\"widget\" data-e-type=\"widget\" data-widget_type=\"text-editor.default\">\n\t\t\t\t<div class=\"elementor-widget-container\">\n\t\t\t\t\t\t\t\t\t<p>Aquest acompanyament est\u00e0 dirigit a persones que estan en el proc\u00e9s de flames bessones i desitgen aprendre a estimar i ser estimades sense dolor.<\/p>\t\t\t\t\t\t\t\t<\/div>\n\t\t\t\t<\/div>\n\t\t<div class=\"elementor-element elementor-element-9ccca28 e-con-full e-flex e-con e-child\" data-id=\"9ccca28\" data-element_type=\"container\" data-e-type=\"container\">\n\t\t<div class=\"elementor-element elementor-element-d80c08a e-con-full e-flex e-con e-child\" data-id=\"d80c08a\" data-element_type=\"container\" data-e-type=\"container\">\n\t\t\t\t<div class=\"elementor-element elementor-element-2b7ed4d elementor-widget__width-initial elementor-widget elementor-widget-text-editor\" data-id=\"2b7ed4d\" data-element_type=\"widget\" data-e-type=\"widget\" data-widget_type=\"text-editor.default\">\n\t\t\t\t<div class=\"elementor-widget-container\">\n\t\t\t\t\t\t\t\t\t<p style=\"text-align: center;\">\u00a0<em>\u201cTu decideixes si continues estimant des de la por o si et permets estimar de cor i recuperar la teva pau interior.\u201d<\/em><\/p>\t\t\t\t\t\t\t\t<\/div>\n\t\t\t\t<\/div>\n\t\t\t\t<\/div>\n\t\t\t\t<\/div>\n\t\t\t\t<div class=\"elementor-element elementor-element-bb23af6 elementor-align-center elementor-widget elementor-widget-button\" data-id=\"bb23af6\" data-element_type=\"widget\" data-e-type=\"widget\" data-widget_type=\"button.default\">\n\t\t\t\t<div class=\"elementor-widget-container\">\n\t\t\t\t\t\t\t\t\t<div class=\"elementor-button-wrapper\">\n\t\t\t\t\t<a class=\"elementor-button elementor-button-link elementor-size-sm\" href=\"https:\/\/wa.me\/34654848977\">\n\t\t\t\t\t\t<span class=\"elementor-button-content-wrapper\">\n\t\t\t\t\t\t<span class=\"elementor-button-icon\">\n\t\t\t\t<svg aria-hidden=\"true\" class=\"e-font-icon-svg e-fas-calendar-check\" viewbox=\"0 0 448 512\" xmlns=\"http:\/\/www.w3.org\/2000\/svg\"><path d=\"M436 160H12c-6.627 0-12-5.373-12-12v-36c0-26.51 21.49-48 48-48h48V12c0-6.627 5.373-12 12-12h40c6.627 0 12 5.373 12 12v52h128V12c0-6.627 5.373-12 12-12h40c6.627 0 12 5.373 12 12v52h48c26.51 0 48 21.49 48 48v36c0 6.627-5.373 12-12 12zM12 192h424c6.627 0 12 5.373 12 12v260c0 26.51-21.49 48-48 48H48c-26.51 0-48-21.49-48-48V204c0-6.627 5.373-12 12-12zm333.296 95.947l-28.169-28.398c-4.667-4.705-12.265-4.736-16.97-.068L194.12 364.665l-45.98-46.352c-4.667-4.705-12.266-4.736-16.971-.068l-28.397 28.17c-4.705 4.667-4.736 12.265-.068 16.97l82.601 83.269c4.667 4.705 12.265 4.736 16.97.068l142.953-141.805c4.705-4.667 4.736-12.265.068-16.97z\"><\/path><\/svg>\t\t\t<\/span>\n\t\t\t\t\t\t\t\t\t<span class=\"elementor-button-text\">AGENDA<\/span>\n\t\t\t\t\t<\/span>\n\t\t\t\t\t<\/a>\n\t\t\t\t<\/div>\n\t\t\t\t\t\t\t\t<\/div>\n\t\t\t\t<\/div>\n\t\t\t\t<\/div>\n\t\t\t\t\t<\/div>\n\t\t\t\t<\/div>\n\t\t\t\t<\/div>","protected":false},"excerpt":{"rendered":"<p>Recordar que el Amor nace en ti El Amor incondicional empieza dentro de ti. Mi misi\u00f3n: acompa\u00f1arte a volver al Amor que ya eres El camino hacia el Amor empieza dentro de ti. Vuelve a ti: ah\u00ed est\u00e1 todo. Te acompa\u00f1o a recordar ese Amor que ya habita en ti, para que puedas vivir y [&hellip;]<\/p>\n","protected":false},"author":2,"featured_media":0,"parent":0,"menu_order":0,"comment_status":"closed","ping_status":"closed","template":"","meta":{"ocean_post_layout":"full-screen","ocean_both_sidebars_style":"","ocean_both_sidebars_content_width":0,"ocean_both_sidebars_sidebars_width":0,"ocean_sidebar":"","ocean_second_sidebar":"","ocean_disable_margins":"on","ocean_add_body_class":"","ocean_shortcode_before_top_bar":"","ocean_shortcode_after_top_bar":"","ocean_shortcode_before_header":"","ocean_shortcode_after_header":"","ocean_has_shortcode":"","ocean_shortcode_after_title":"","ocean_shortcode_before_footer_widgets":"","ocean_shortcode_after_footer_widgets":"","ocean_shortcode_before_footer_bottom":"","ocean_shortcode_after_footer_bottom":"","ocean_display_top_bar":"default","ocean_display_header":"default","ocean_header_style":"","ocean_center_header_left_menu":"","ocean_custom_header_template":"","ocean_custom_logo":0,"ocean_custom_retina_logo":0,"ocean_custom_logo_max_width":0,"ocean_custom_logo_tablet_max_width":0,"ocean_custom_logo_mobile_max_width":0,"ocean_custom_logo_max_height":0,"ocean_custom_logo_tablet_max_height":0,"ocean_custom_logo_mobile_max_height":0,"ocean_header_custom_menu":"","ocean_menu_typo_font_family":"","ocean_menu_typo_font_subset":"","ocean_menu_typo_font_size":0,"ocean_menu_typo_font_size_tablet":0,"ocean_menu_typo_font_size_mobile":0,"ocean_menu_typo_font_size_unit":"px","ocean_menu_typo_font_weight":"","ocean_menu_typo_font_weight_tablet":"","ocean_menu_typo_font_weight_mobile":"","ocean_menu_typo_transform":"","ocean_menu_typo_transform_tablet":"","ocean_menu_typo_transform_mobile":"","ocean_menu_typo_line_height":0,"ocean_menu_typo_line_height_tablet":0,"ocean_menu_typo_line_height_mobile":0,"ocean_menu_typo_line_height_unit":"","ocean_menu_typo_spacing":0,"ocean_menu_typo_spacing_tablet":0,"ocean_menu_typo_spacing_mobile":0,"ocean_menu_typo_spacing_unit":"","ocean_menu_link_color":"","ocean_menu_link_color_hover":"","ocean_menu_link_color_active":"","ocean_menu_link_background":"","ocean_menu_link_hover_background":"","ocean_menu_link_active_background":"","ocean_menu_social_links_bg":"","ocean_menu_social_hover_links_bg":"","ocean_menu_social_links_color":"","ocean_menu_social_hover_links_color":"","ocean_disable_title":"on","ocean_disable_heading":"default","ocean_post_title":"","ocean_post_subheading":"","ocean_post_title_style":"","ocean_post_title_background_color":"","ocean_post_title_background":0,"ocean_post_title_bg_image_position":"","ocean_post_title_bg_image_attachment":"","ocean_post_title_bg_image_repeat":"","ocean_post_title_bg_image_size":"","ocean_post_title_height":0,"ocean_post_title_bg_overlay":0.5,"ocean_post_title_bg_overlay_color":"","ocean_disable_breadcrumbs":"default","ocean_breadcrumbs_color":"","ocean_breadcrumbs_separator_color":"","ocean_breadcrumbs_links_color":"","ocean_breadcrumbs_links_hover_color":"","ocean_display_footer_widgets":"default","ocean_display_footer_bottom":"default","ocean_custom_footer_template":"","osh_disable_topbar_sticky":"default","osh_disable_header_sticky":"default","osh_sticky_header_style":"default","osh_sticky_header_effect":"","osh_custom_sticky_logo":0,"osh_custom_retina_sticky_logo":0,"osh_custom_sticky_logo_height":0,"osh_background_color":"","osh_links_color":"","osh_links_hover_color":"","osh_links_active_color":"","osh_links_bg_color":"","osh_links_hover_bg_color":"","osh_links_active_bg_color":"","osh_menu_social_links_color":"","osh_menu_social_hover_links_color":"","footnotes":""},"class_list":["post-1192","page","type-page","status-publish","hentry","entry"],"_links":{"self":[{"href":"https:\/\/annaseguraturu.cat\/ca\/wp-json\/wp\/v2\/pages\/1192","targetHints":{"allow":["GET"]}}],"collection":[{"href":"https:\/\/annaseguraturu.cat\/ca\/wp-json\/wp\/v2\/pages"}],"about":[{"href":"https:\/\/annaseguraturu.cat\/ca\/wp-json\/wp\/v2\/types\/page"}],"author":[{"embeddable":true,"href":"https:\/\/annaseguraturu.cat\/ca\/wp-json\/wp\/v2\/users\/2"}],"replies":[{"embeddable":true,"href":"https:\/\/annaseguraturu.cat\/ca\/wp-json\/wp\/v2\/comments?post=1192"}],"version-history":[{"count":703,"href":"https:\/\/annaseguraturu.cat\/ca\/wp-json\/wp\/v2\/pages\/1192\/revisions"}],"predecessor-version":[{"id":4973,"href":"https:\/\/annaseguraturu.cat\/ca\/wp-json\/wp\/v2\/pages\/1192\/revisions\/4973"}],"wp:attachment":[{"href":"https:\/\/annaseguraturu.cat\/ca\/wp-json\/wp\/v2\/media?parent=1192"}],"curies":[{"name":"wp","href":"https:\/\/api.w.org\/{rel}","templated":true}]}}